{"id":1378,"date":"2023-12-11T20:08:31","date_gmt":"2023-12-11T20:08:31","guid":{"rendered":"https:\/\/ontimetripiguazu.com\/eng\/?post_type=product&#038;p=1378"},"modified":"2023-12-11T20:08:31","modified_gmt":"2023-12-11T20:08:31","slug":"itaipu-binational","status":"publish","type":"product","link":"https:\/\/ontimetripiguazu.com\/eng\/producto\/itaipu-binational\/","title":{"rendered":"Itaipu Binational"},"content":{"rendered":"<p>The ITAIPU hydroelectric plant (from the Guaran\u00ed language: sounding stone; in Portuguese: Usina Hidrel\u00e9trica de Itaipu), also called ITAIPU Binacional, is a binational hydroelectric plant that is located between the cities of Hernandarias, Paraguay and Foz do Igua\u00e7u, Brazil, on the Paran\u00e1 River, on the border between both countries, 14 km north of the Friendship Bridge. The area involved in the project extends from Foz do Igua\u00e7u (Brazil) and Ciudad del Este (Paraguay) to the south and to Gua\u00edra (Brazil) and Salto del Guair\u00e1 (Paraguay) to the north.<\/p>\n<p><strong>FOR QUOTES AND TO KNOW MORE PAYMENT METHODS, CONTACT US BY INBOX<\/strong><\/p>\n","protected":false},"excerpt":{"rendered":"<p>The ITAIPU hydroelectric plant (from the Guaran\u00ed language: sounding stone; in Portuguese: Usina Hidrel\u00e9trica de Itaipu), also called ITAIPU Binacional, is a binational hydroelectric plant that is located between the cities of Hernandarias, Paraguay and Foz do Igua\u00e7u, Brazil, on the Paran\u00e1 River, on the border between both countries, 14 km north of the Friendship Bridge. The area involved in the project extends from Foz do Igua\u00e7u (Brazil) and Ciudad del Este (Paraguay) to the south and to Gua\u00edra (Brazil) and Salto del Guair\u00e1 (Paraguay) to the north.<\/p>\n<p><strong>FOR QUOTES AND TO KNOW MORE PAYMENT METHODS, CONTACT US BY INBOX<\/strong><\/p>\n","protected":false},"featured_media":1379,"comment_status":"open","ping_status":"closed","template":"","meta":{"site-sidebar-layout":"default","site-content-layout":"","ast-site-content-layout":"default","site-content-style":"default","site-sidebar-style":"default","ast-global-header-display":"","ast-banner-title-visibility":"","ast-main-header-display":"","ast-hfb-above-header-display":"","ast-hfb-below-header-display":"","ast-hfb-mobile-header-display":"","site-post-title":"","ast-breadcrumbs-content":"","ast-featured-img":"","footer-sml-layout":"","ast-disable-related-posts":"","theme-transparent-header-meta":"default","adv-header-id-meta":"","stick-header-meta":"","header-above-stick-meta":"","header-main-stick-meta":"","header-below-stick-meta":"","astra-migrate-meta-layouts":"set","ast-page-background-enabled":"default","ast-page-background-meta":{"desktop":{"background-color":"var(--ast-global-color-4)","background-image":"","background-repeat":"repeat","background-position":"center center","background-size":"auto","background-attachment":"scroll","background-type":"","background-media":"","overlay-type":"","overlay-color":"","overlay-opacity":"","overlay-gradient":""},"tablet":{"background-color":"","background-image":"","background-repeat":"repeat","background-position":"center center","background-size":"auto","background-attachment":"scroll","background-type":"","background-media":"","overlay-type":"","overlay-color":"","overlay-opacity":"","overlay-gradient":""},"mobile":{"background-color":"","background-image":"","background-repeat":"repeat","background-position":"center center","background-size":"auto","background-attachment":"scroll","background-type":"","background-media":"","overlay-type":"","overlay-color":"","overlay-opacity":"","overlay-gradient":""}},"ast-content-background-meta":{"desktop":{"background-color":"var(--ast-global-color-5)","background-image":"","background-repeat":"repeat","background-position":"center center","background-size":"auto","background-attachment":"scroll","background-type":"","background-media":"","overlay-type":"","overlay-color":"","overlay-opacity":"","overlay-gradient":""},"tablet":{"background-color":"var(--ast-global-color-5)","background-image":"","background-repeat":"repeat","background-position":"center center","background-size":"auto","background-attachment":"scroll","background-type":"","background-media":"","overlay-type":"","overlay-color":"","overlay-opacity":"","overlay-gradient":""},"mobile":{"background-color":"var(--ast-global-color-5)","background-image":"","background-repeat":"repeat","background-position":"center center","background-size":"auto","background-attachment":"scroll","background-type":"","background-media":"","overlay-type":"","overlay-color":"","overlay-opacity":"","overlay-gradient":""}}},"product_brand":[],"product_cat":[67,26,25],"product_tag":[],"class_list":{"0":"post-1378","1":"product","2":"type-product","3":"status-publish","4":"has-post-thumbnail","6":"product_cat-8-to-15-people-brazil","7":"product_cat-brazil","8":"product_cat-transfers","9":"desktop-align-left","10":"tablet-align-left","11":"mobile-align-left","13":"first","14":"instock","15":"shipping-taxable","16":"product-type-simple"},"_links":{"self":[{"href":"https:\/\/ontimetripiguazu.com\/eng\/wp-json\/wp\/v2\/product\/1378","targetHints":{"allow":["GET"]}}],"collection":[{"href":"https:\/\/ontimetripiguazu.com\/eng\/wp-json\/wp\/v2\/product"}],"about":[{"href":"https:\/\/ontimetripiguazu.com\/eng\/wp-json\/wp\/v2\/types\/product"}],"replies":[{"embeddable":true,"href":"https:\/\/ontimetripiguazu.com\/eng\/wp-json\/wp\/v2\/comments?post=1378"}],"wp:featuredmedia":[{"embeddable":true,"href":"https:\/\/ontimetripiguazu.com\/eng\/wp-json\/wp\/v2\/media\/1379"}],"wp:attachment":[{"href":"https:\/\/ontimetripiguazu.com\/eng\/wp-json\/wp\/v2\/media?parent=1378"}],"wp:term":[{"taxonomy":"product_brand","embeddable":true,"href":"https:\/\/ontimetripiguazu.com\/eng\/wp-json\/wp\/v2\/product_brand?post=1378"},{"taxonomy":"product_cat","embeddable":true,"href":"https:\/\/ontimetripiguazu.com\/eng\/wp-json\/wp\/v2\/product_cat?post=1378"},{"taxonomy":"product_tag","embeddable":true,"href":"https:\/\/ontimetripiguazu.com\/eng\/wp-json\/wp\/v2\/product_tag?post=1378"}],"curies":[{"name":"wp","href":"https:\/\/api.w.org\/{rel}","templated":true}]}}