{"id":1420,"date":"2023-12-11T20:32:00","date_gmt":"2023-12-11T20:32:00","guid":{"rendered":"https:\/\/ontimetripiguazu.com\/eng\/?post_type=product&#038;p=1420"},"modified":"2023-12-11T20:32:41","modified_gmt":"2023-12-11T20:32:41","slug":"ruins-of-san-ignacio-2","status":"publish","type":"product","link":"https:\/\/ontimetripiguazu.com\/eng\/producto\/ruins-of-san-ignacio-2\/","title":{"rendered":"Ruins of San Ignacio"},"content":{"rendered":"<p>The best-known ruins of the reduction of San Ignacio Min\u00ed, a Jesuit mission founded at the beginning of the 17th century to evangelize the Guaran\u00ed natives, by the Jesuit father, today San Roque Gonz\u00e1lez de Santa Cruz, are located in the current town of San Ignacio, in the Argentine province of Misiones,<\/p>\n<p><strong>FOR QUOTES AND TO LEARN MORE PAYMENT METHODS, CONTACT US BY INBOX<\/strong><\/p>\n","protected":false},"excerpt":{"rendered":"<p>The best-known ruins of the reduction of San Ignacio Min\u00ed, a Jesuit mission founded at the beginning of the 17th century to evangelize the Guaran\u00ed natives, by the Jesuit father, today San Roque Gonz\u00e1lez de Santa Cruz, are located in the current town of San Ignacio, in the Argentine province of Misiones,<\/p>\n<p><strong>FOR QUOTES AND TO LEARN MORE PAYMENT METHODS, CONTACT US BY INBOX<\/strong><\/p>\n","protected":false},"featured_media":1416,"comment_status":"open","ping_status":"closed","template":"","meta":{"site-sidebar-layout":"default","site-content-layout":"","ast-site-content-layout":"default","site-content-style":"default","site-sidebar-style":"default","ast-global-header-display":"","ast-banner-title-visibility":"","ast-main-header-display":"","ast-hfb-above-header-display":"","ast-hfb-below-header-display":"","ast-hfb-mobile-header-display":"","site-post-title":"","ast-breadcrumbs-content":"","ast-featured-img":"","footer-sml-layout":"","ast-disable-related-posts":"","theme-transparent-header-meta":"default","adv-header-id-meta":"","stick-header-meta":"","header-above-stick-meta":"","header-main-stick-meta":"","header-below-stick-meta":"","astra-migrate-meta-layouts":"set","ast-page-background-enabled":"default","ast-page-background-meta":{"desktop":{"background-color":"var(--ast-global-color-4)","background-image":"","background-repeat":"repeat","background-position":"center center","background-size":"auto","background-attachment":"scroll","background-type":"","background-media":"","overlay-type":"","overlay-color":"","overlay-opacity":"","overlay-gradient":""},"tablet":{"background-color":"","background-image":"","background-repeat":"repeat","background-position":"center center","background-size":"auto","background-attachment":"scroll","background-type":"","background-media":"","overlay-type":"","overlay-color":"","overlay-opacity":"","overlay-gradient":""},"mobile":{"background-color":"","background-image":"","background-repeat":"repeat","background-position":"center center","background-size":"auto","background-attachment":"scroll","background-type":"","background-media":"","overlay-type":"","overlay-color":"","overlay-opacity":"","overlay-gradient":""}},"ast-content-background-meta":{"desktop":{"background-color":"var(--ast-global-color-5)","background-image":"","background-repeat":"repeat","background-position":"center center","background-size":"auto","background-attachment":"scroll","background-type":"","background-media":"","overlay-type":"","overlay-color":"","overlay-opacity":"","overlay-gradient":""},"tablet":{"background-color":"var(--ast-global-color-5)","background-image":"","background-repeat":"repeat","background-position":"center center","background-size":"auto","background-attachment":"scroll","background-type":"","background-media":"","overlay-type":"","overlay-color":"","overlay-opacity":"","overlay-gradient":""},"mobile":{"background-color":"var(--ast-global-color-5)","background-image":"","background-repeat":"repeat","background-position":"center center","background-size":"auto","background-attachment":"scroll","background-type":"","background-media":"","overlay-type":"","overlay-color":"","overlay-opacity":"","overlay-gradient":""}}},"product_brand":[],"product_cat":[62,27,25],"product_tag":[],"class_list":{"0":"post-1420","1":"product","2":"type-product","3":"status-publish","4":"has-post-thumbnail","6":"product_cat-1-to-4-people","7":"product_cat-argentina","8":"product_cat-transfers","9":"desktop-align-left","10":"tablet-align-left","11":"mobile-align-left","13":"first","14":"instock","15":"shipping-taxable","16":"product-type-simple"},"_links":{"self":[{"href":"https:\/\/ontimetripiguazu.com\/eng\/wp-json\/wp\/v2\/product\/1420","targetHints":{"allow":["GET"]}}],"collection":[{"href":"https:\/\/ontimetripiguazu.com\/eng\/wp-json\/wp\/v2\/product"}],"about":[{"href":"https:\/\/ontimetripiguazu.com\/eng\/wp-json\/wp\/v2\/types\/product"}],"replies":[{"embeddable":true,"href":"https:\/\/ontimetripiguazu.com\/eng\/wp-json\/wp\/v2\/comments?post=1420"}],"wp:featuredmedia":[{"embeddable":true,"href":"https:\/\/ontimetripiguazu.com\/eng\/wp-json\/wp\/v2\/media\/1416"}],"wp:attachment":[{"href":"https:\/\/ontimetripiguazu.com\/eng\/wp-json\/wp\/v2\/media?parent=1420"}],"wp:term":[{"taxonomy":"product_brand","embeddable":true,"href":"https:\/\/ontimetripiguazu.com\/eng\/wp-json\/wp\/v2\/product_brand?post=1420"},{"taxonomy":"product_cat","embeddable":true,"href":"https:\/\/ontimetripiguazu.com\/eng\/wp-json\/wp\/v2\/product_cat?post=1420"},{"taxonomy":"product_tag","embeddable":true,"href":"https:\/\/ontimetripiguazu.com\/eng\/wp-json\/wp\/v2\/product_tag?post=1420"}],"curies":[{"name":"wp","href":"https:\/\/api.w.org\/{rel}","templated":true}]}}