{"id":381,"date":"2021-08-23T02:10:02","date_gmt":"2021-08-23T02:10:02","guid":{"rendered":"https:\/\/ontimetripiguazu.com\/fr\/about\/"},"modified":"2023-11-01T19:28:14","modified_gmt":"2023-11-01T19:28:14","slug":"about","status":"publish","type":"page","link":"https:\/\/ontimetripiguazu.com\/fr\/about\/","title":{"rendered":"About"},"content":{"rendered":"\t\t<div data-elementor-type=\"wp-page\" data-elementor-id=\"381\" class=\"elementor elementor-381\">\n\t\t\t\t<div class=\"elementor-element elementor-element-1843bb2 e-flex e-con-boxed e-con e-parent\" data-id=\"1843bb2\" data-element_type=\"container\" data-e-type=\"container\">\n\t\t\t\t\t<div class=\"e-con-inner\">\n\t\t\t\t<div class=\"elementor-element elementor-element-46e13f0 elementor-widget elementor-widget-spacer\" data-id=\"46e13f0\" data-element_type=\"widget\" data-e-type=\"widget\" data-widget_type=\"spacer.default\">\n\t\t\t\t<div class=\"elementor-widget-container\">\n\t\t\t\t\t\t\t<div class=\"elementor-spacer\">\n\t\t\t<div class=\"elementor-spacer-inner\"><\/div>\n\t\t<\/div>\n\t\t\t\t\t\t<\/div>\n\t\t\t\t<\/div>\n\t\t\t\t\t<\/div>\n\t\t\t\t<\/div>\n\t\t\t\t<section class=\"elementor-section elementor-top-section elementor-element elementor-element-f7369f2 elementor-section-full_width elementor-section-height-default elementor-section-height-default\" data-id=\"f7369f2\" data-element_type=\"section\" data-e-type=\"section\" data-settings=\"{&quot;background_background&quot;:&quot;classic&quot;}\">\n\t\t\t\t\t\t\t<div class=\"elementor-background-overlay\"><\/div>\n\t\t\t\t\t\t\t<div class=\"elementor-container elementor-column-gap-no\">\n\t\t\t\t\t<div class=\"elementor-column elementor-col-100 elementor-top-column elementor-element elementor-element-8bfb44b\" data-id=\"8bfb44b\" data-element_type=\"column\" data-e-type=\"column\">\n\t\t\t<div class=\"elementor-widget-wrap elementor-element-populated\">\n\t\t\t\t\t\t<div class=\"elementor-element elementor-element-2296d40 elementor-widget elementor-widget-spacer\" data-id=\"2296d40\" data-element_type=\"widget\" data-e-type=\"widget\" data-widget_type=\"spacer.default\">\n\t\t\t\t<div class=\"elementor-widget-container\">\n\t\t\t\t\t\t\t<div class=\"elementor-spacer\">\n\t\t\t<div class=\"elementor-spacer-inner\"><\/div>\n\t\t<\/div>\n\t\t\t\t\t\t<\/div>\n\t\t\t\t<\/div>\n\t\t\t\t\t<\/div>\n\t\t<\/div>\n\t\t\t\t\t<\/div>\n\t\t<\/section>\n\t\t<div class=\"elementor-element elementor-element-9468304 e-flex e-con-boxed e-con e-parent\" data-id=\"9468304\" data-element_type=\"container\" data-e-type=\"container\">\n\t\t\t\t\t<div class=\"e-con-inner\">\n\t\t<div class=\"elementor-element elementor-element-f57dbae e-flex e-con-boxed e-con e-child\" data-id=\"f57dbae\" data-element_type=\"container\" data-e-type=\"container\" data-settings=\"{&quot;background_background&quot;:&quot;classic&quot;}\">\n\t\t\t\t\t<div class=\"e-con-inner\">\n\t\t\t\t<div class=\"elementor-element elementor-element-39a23ab elementor-widget elementor-widget-text-editor\" data-id=\"39a23ab\" data-element_type=\"widget\" data-e-type=\"widget\" data-widget_type=\"text-editor.default\">\n\t\t\t\t<div class=\"elementor-widget-container\">\n\t\t\t\t\t\t\t\t\t<p id=\"tw-target-text\" class=\"tw-data-text tw-text-large tw-ta\" dir=\"ltr\" data-placeholder=\"Traducci\u00f3n\" data-ved=\"2ahUKEwj8257GjpKCAxUtppUCHRWADuoQ3ewLegQICBAQ\"><span class=\"Y2IQFc\" lang=\"fr\">Bienvenue sur On Time Trip ! Nous sommes une entreprise touristique sp\u00e9cialis\u00e9e dans la cr\u00e9ation d&#8217;exp\u00e9riences uniques et personnalis\u00e9es pour nos clients. Notre engagement est de faire en sorte que chacun de nos voyageurs vive une aventure inoubliable et d\u00e9couvre le monde de mani\u00e8re authentique et responsable. Forte de plusieurs ann\u00e9es dans le secteur du tourisme, On Time Trip a \u00e9volu\u00e9 de ses humbles d\u00e9buts d&#8217;agence de voyages locale pour devenir un r\u00e9f\u00e9rence internationale. Au cours de notre histoire, nous avons obtenu de nombreuses reconnaissances pour notre excellence en mati\u00e8re de service \u00e0 la client\u00e8le et notre engagement \u00e0 offrir des exp\u00e9riences de voyage de la plus haute qualit\u00e9.<\/span><\/p>\t\t\t\t\t\t\t\t<\/div>\n\t\t\t\t<\/div>\n\t\t\t\t\t<\/div>\n\t\t\t\t<\/div>\n\t\t\t\t\t<\/div>\n\t\t\t\t<\/div>\n\t\t\t\t<section class=\"elementor-section elementor-top-section elementor-element elementor-element-aa1b6a5 elementor-section-full_width elementor-section-height-default elementor-section-height-default\" data-id=\"aa1b6a5\" data-element_type=\"section\" data-e-type=\"section\">\n\t\t\t\t\t\t<div class=\"elementor-container elementor-column-gap-no\">\n\t\t\t\t\t<div class=\"elementor-column elementor-col-50 elementor-top-column elementor-element elementor-element-8eb6673\" data-id=\"8eb6673\" data-element_type=\"column\" data-e-type=\"column\">\n\t\t\t<div class=\"elementor-widget-wrap elementor-element-populated\">\n\t\t\t\t\t\t<div class=\"elementor-element elementor-element-9688016 elementor-widget elementor-widget-image\" data-id=\"9688016\" data-element_type=\"widget\" data-e-type=\"widget\" data-widget_type=\"image.default\">\n\t\t\t\t<div class=\"elementor-widget-container\">\n\t\t\t\t\t\t\t\t\t\t\t\t\t\t\t<img fetchpriority=\"high\" decoding=\"async\" width=\"800\" height=\"618\" src=\"https:\/\/ontimetripiguazu.com\/fr\/wp-content\/uploads\/2023\/10\/que-ver-y-hacer-en-puerto-iguazu.jpg\" class=\"attachment-full size-full wp-image-1205\" alt=\"\" srcset=\"https:\/\/ontimetripiguazu.com\/fr\/wp-content\/uploads\/2023\/10\/que-ver-y-hacer-en-puerto-iguazu.jpg 800w, https:\/\/ontimetripiguazu.com\/fr\/wp-content\/uploads\/2023\/10\/que-ver-y-hacer-en-puerto-iguazu-300x232.jpg 300w, https:\/\/ontimetripiguazu.com\/fr\/wp-content\/uploads\/2023\/10\/que-ver-y-hacer-en-puerto-iguazu-768x593.jpg 768w, https:\/\/ontimetripiguazu.com\/fr\/wp-content\/uploads\/2023\/10\/que-ver-y-hacer-en-puerto-iguazu-600x464.jpg 600w\" sizes=\"(max-width: 800px) 100vw, 800px\" \/>\t\t\t\t\t\t\t\t\t\t\t\t\t\t\t<\/div>\n\t\t\t\t<\/div>\n\t\t\t\t\t<\/div>\n\t\t<\/div>\n\t\t\t\t<div class=\"elementor-column elementor-col-50 elementor-top-column elementor-element elementor-element-a2a97d7\" data-id=\"a2a97d7\" data-element_type=\"column\" data-e-type=\"column\">\n\t\t\t<div class=\"elementor-widget-wrap elementor-element-populated\">\n\t\t\t\t\t\t<div class=\"elementor-element elementor-element-6bff0ab elementor-widget elementor-widget-text-editor\" data-id=\"6bff0ab\" data-element_type=\"widget\" data-e-type=\"widget\" data-widget_type=\"text-editor.default\">\n\t\t\t\t<div class=\"elementor-widget-container\">\n\t\t\t\t\t\t\t\t\t<p id=\"tw-target-text\" class=\"tw-data-text tw-text-large tw-ta\" dir=\"ltr\" data-placeholder=\"Traducci\u00f3n\" data-ved=\"2ahUKEwj8257GjpKCAxUtppUCHRWADuoQ3ewLegQICBAQ\"><span class=\"Y2IQFc\" lang=\"fr\">Notre \u00e9quipe d&#8217;experts en tourisme est compos\u00e9e de professionnels poss\u00e9dant des ann\u00e9es d&#8217;exp\u00e9rience dans l&#8217;industrie. De nos agents de voyages et guides talentueux aux chauffeurs locaux, nous partageons tous un lien profond avec la r\u00e9gion et un d\u00e9vouement infatigable \u00e0 faire des r\u00eaves de nos voyageurs une r\u00e9alit\u00e9. Chez OnTime Tip, nous nous engageons pour un tourisme responsable et durable. Nous valorisons et respectons les diff\u00e9rentes cultures locales et nous effor\u00e7ons de contribuer au d\u00e9veloppement des communaut\u00e9s que nous visitons. Nous croyons en l&#8217;importance d&#8217;offrir des exp\u00e9riences authentiques, de promouvoir un tourisme responsable et de minimiser notre impact sur l&#8217;environnement. Notre objectif est que chaque voyageur se sente le bienvenu et appr\u00e9ci\u00e9 dans chaque destination que nous visitons. Nous sommes certifi\u00e9s ISO 9001, qui garantit la qualit\u00e9 de nos prestations. Ces accr\u00e9ditations d\u00e9montrent notre engagement envers l\u2019excellence et la satisfaction de nos clients.<\/span><\/p>\t\t\t\t\t\t\t\t<\/div>\n\t\t\t\t<\/div>\n\t\t\t\t\t<\/div>\n\t\t<\/div>\n\t\t\t\t\t<\/div>\n\t\t<\/section>\n\t\t<div class=\"elementor-element elementor-element-b14e835 e-flex e-con-boxed e-con e-parent\" data-id=\"b14e835\" data-element_type=\"container\" data-e-type=\"container\">\n\t\t\t\t\t<div class=\"e-con-inner\">\n\t\t<div class=\"elementor-element elementor-element-f38f026 e-flex e-con-boxed e-con e-child\" data-id=\"f38f026\" data-element_type=\"container\" data-e-type=\"container\">\n\t\t\t\t\t<div class=\"e-con-inner\">\n\t\t<div class=\"elementor-element elementor-element-150fbea e-flex e-con-boxed e-con e-child\" data-id=\"150fbea\" data-element_type=\"container\" data-e-type=\"container\" data-settings=\"{&quot;background_background&quot;:&quot;classic&quot;}\">\n\t\t\t\t\t<div class=\"e-con-inner\">\n\t\t\t\t<div class=\"elementor-element elementor-element-298e739 elementor-widget elementor-widget-text-editor\" data-id=\"298e739\" data-element_type=\"widget\" data-e-type=\"widget\" data-widget_type=\"text-editor.default\">\n\t\t\t\t<div class=\"elementor-widget-container\">\n\t\t\t\t\t\t\t\t\t<p id=\"tw-target-text\" class=\"tw-data-text tw-text-large tw-ta\" dir=\"ltr\" data-placeholder=\"Traducci\u00f3n\" data-ved=\"2ahUKEwj8257GjpKCAxUtppUCHRWADuoQ3ewLegQICBAQ\"><span class=\"Y2IQFc\" lang=\"fr\">Nous ne parlons pas seulement de nos exp\u00e9riences, mais nos clients les soutiennent. Au fil des ann\u00e9es, nous avons re\u00e7u de nombreux t\u00e9moignages de voyageurs satisfaits et ravis de nos propositions de voyages et de notre attention personnalis\u00e9e. Nous sommes fiers de partager leurs histoires et les remercions de nous faire confiance pour r\u00e9aliser leurs r\u00eaves de voyage. Bref, chez On Time Trip nous nous engageons \u00e0 vous faire vivre des exp\u00e9riences inoubliables et authentiques qui vous permettent de d\u00e9couvrir la r\u00e9gion de mani\u00e8re responsable et passionn\u00e9e. Faites-nous confiance pour faire de vos prochaines vacances une exp\u00e9rience de voyage unique et m\u00e9morable.<\/span><\/p>\t\t\t\t\t\t\t\t<\/div>\n\t\t\t\t<\/div>\n\t\t\t\t\t<\/div>\n\t\t\t\t<\/div>\n\t\t\t\t\t<\/div>\n\t\t\t\t<\/div>\n\t\t\t\t\t<\/div>\n\t\t\t\t<\/div>\n\t\t<div class=\"elementor-element elementor-element-0c4750c e-flex e-con-boxed e-con e-parent\" data-id=\"0c4750c\" data-element_type=\"container\" data-e-type=\"container\">\n\t\t\t\t\t<div class=\"e-con-inner\">\n\t\t\t\t<div class=\"elementor-element elementor-element-a8e7a7a elementor-shape-circle e-grid-align-right elementor-fixed elementor-grid-0 elementor-widget elementor-widget-social-icons\" data-id=\"a8e7a7a\" data-element_type=\"widget\" data-e-type=\"widget\" data-settings=\"{&quot;_position&quot;:&quot;fixed&quot;}\" data-widget_type=\"social-icons.default\">\n\t\t\t\t<div class=\"elementor-widget-container\">\n\t\t\t\t\t\t\t<div class=\"elementor-social-icons-wrapper elementor-grid\">\n\t\t\t\t\t\t\t<span class=\"elementor-grid-item\">\n\t\t\t\t\t<a class=\"elementor-icon elementor-social-icon elementor-social-icon-whatsapp elementor-repeater-item-59f0ab8\" target=\"_blank\">\n\t\t\t\t\t\t<span class=\"elementor-screen-only\">Whatsapp<\/span>\n\t\t\t\t\t\t<i aria-hidden=\"true\" class=\"fab fa-whatsapp\"><\/i>\t\t\t\t\t<\/a>\n\t\t\t\t<\/span>\n\t\t\t\t\t<\/div>\n\t\t\t\t\t\t<\/div>\n\t\t\t\t<\/div>\n\t\t\t\t\t<\/div>\n\t\t\t\t<\/div>\n\t\t<div class=\"elementor-element elementor-element-bbf59f2 e-flex e-con-boxed e-con e-parent\" data-id=\"bbf59f2\" data-element_type=\"container\" data-e-type=\"container\">\n\t\t\t\t\t<div class=\"e-con-inner\">\n\t\t\t\t<div class=\"elementor-element elementor-element-9c63aa6 elementor-shape-circle e-grid-align-right elementor-fixed elementor-grid-0 elementor-widget elementor-widget-social-icons\" data-id=\"9c63aa6\" data-element_type=\"widget\" data-e-type=\"widget\" data-settings=\"{&quot;_position&quot;:&quot;fixed&quot;}\" data-widget_type=\"social-icons.default\">\n\t\t\t\t<div class=\"elementor-widget-container\">\n\t\t\t\t\t\t\t<div class=\"elementor-social-icons-wrapper elementor-grid\">\n\t\t\t\t\t\t\t<span class=\"elementor-grid-item\">\n\t\t\t\t\t<a class=\"elementor-icon elementor-social-icon elementor-social-icon-facebook elementor-repeater-item-66512d6\" href=\"https:\/\/www.facebook.com\/ontimetraslados\" target=\"_blank\">\n\t\t\t\t\t\t<span class=\"elementor-screen-only\">Facebook<\/span>\n\t\t\t\t\t\t<i aria-hidden=\"true\" class=\"fab fa-facebook\"><\/i>\t\t\t\t\t<\/a>\n\t\t\t\t<\/span>\n\t\t\t\t\t<\/div>\n\t\t\t\t\t\t<\/div>\n\t\t\t\t<\/div>\n\t\t\t\t\t<\/div>\n\t\t\t\t<\/div>\n\t\t<div class=\"elementor-element elementor-element-8755c80 e-flex e-con-boxed e-con e-parent\" data-id=\"8755c80\" data-element_type=\"container\" data-e-type=\"container\">\n\t\t\t\t\t<div class=\"e-con-inner\">\n\t\t\t\t<div class=\"elementor-element elementor-element-d7e7d6d elementor-shape-circle e-grid-align-right elementor-fixed elementor-grid-0 elementor-widget elementor-widget-social-icons\" data-id=\"d7e7d6d\" data-element_type=\"widget\" data-e-type=\"widget\" data-settings=\"{&quot;_position&quot;:&quot;fixed&quot;}\" data-widget_type=\"social-icons.default\">\n\t\t\t\t<div class=\"elementor-widget-container\">\n\t\t\t\t\t\t\t<div class=\"elementor-social-icons-wrapper elementor-grid\">\n\t\t\t\t\t\t\t<span class=\"elementor-grid-item\">\n\t\t\t\t\t<a class=\"elementor-icon elementor-social-icon elementor-social-icon-instagram elementor-repeater-item-def2e49\" href=\"https:\/\/www.instagram.com\/ontime.trip\/\" target=\"_blank\">\n\t\t\t\t\t\t<span class=\"elementor-screen-only\">Instagram<\/span>\n\t\t\t\t\t\t<i aria-hidden=\"true\" class=\"fab fa-instagram\"><\/i>\t\t\t\t\t<\/a>\n\t\t\t\t<\/span>\n\t\t\t\t\t<\/div>\n\t\t\t\t\t\t<\/div>\n\t\t\t\t<\/div>\n\t\t\t\t\t<\/div>\n\t\t\t\t<\/div>\n\t\t\t\t<\/div>\n\t\t","protected":false},"excerpt":{"rendered":"<p>Bienvenue sur On Time Trip ! Nous sommes une entreprise touristique sp\u00e9cialis\u00e9e dans la cr\u00e9ation d&#8217;exp\u00e9riences uniques et personnalis\u00e9es pour nos clients. Notre engagement est de faire en sorte que chacun de nos voyageurs vive une aventure inoubliable et d\u00e9couvre le monde de mani\u00e8re authentique et responsable. Forte de plusieurs ann\u00e9es dans le secteur du [&hellip;]<\/p>\n","protected":false},"author":2,"featured_media":0,"parent":0,"menu_order":0,"comment_status":"closed","ping_status":"closed","template":"","meta":{"site-sidebar-layout":"no-sidebar","site-content-layout":"page-builder","ast-site-content-layout":"default","site-content-style":"default","site-sidebar-style":"default","ast-global-header-display":"","ast-banner-title-visibility":"","ast-main-header-display":"","ast-hfb-above-header-display":"","ast-hfb-below-header-display":"","ast-hfb-mobile-header-display":"","site-post-title":"disabled","ast-breadcrumbs-content":"disabled","ast-featured-img":"disabled","footer-sml-layout":"","ast-disable-related-posts":"","theme-transparent-header-meta":"enabled","adv-header-id-meta":"","stick-header-meta":"","header-above-stick-meta":"","header-main-stick-meta":"","header-below-stick-meta":"","astra-migrate-meta-layouts":"default","ast-page-background-enabled":"default","ast-page-background-meta":{"desktop":{"background-color":"var(--ast-global-color-4)","background-image":"","background-repeat":"repeat","background-position":"center center","background-size":"auto","background-attachment":"scroll","background-type":"","background-media":"","overlay-type":"","overlay-color":"","overlay-opacity":"","overlay-gradient":""},"tablet":{"background-color":"","background-image":"","background-repeat":"repeat","background-position":"center center","background-size":"auto","background-attachment":"scroll","background-type":"","background-media":"","overlay-type":"","overlay-color":"","overlay-opacity":"","overlay-gradient":""},"mobile":{"background-color":"","background-image":"","background-repeat":"repeat","background-position":"center center","background-size":"auto","background-attachment":"scroll","background-type":"","background-media":"","overlay-type":"","overlay-color":"","overlay-opacity":"","overlay-gradient":""}},"ast-content-background-meta":{"desktop":{"background-color":"var(--ast-global-color-5)","background-image":"","background-repeat":"repeat","background-position":"center center","background-size":"auto","background-attachment":"scroll","background-type":"","background-media":"","overlay-type":"","overlay-color":"","overlay-opacity":"","overlay-gradient":""},"tablet":{"background-color":"var(--ast-global-color-5)","background-image":"","background-repeat":"repeat","background-position":"center center","background-size":"auto","background-attachment":"scroll","background-type":"","background-media":"","overlay-type":"","overlay-color":"","overlay-opacity":"","overlay-gradient":""},"mobile":{"background-color":"var(--ast-global-color-5)","background-image":"","background-repeat":"repeat","background-position":"center center","background-size":"auto","background-attachment":"scroll","background-type":"","background-media":"","overlay-type":"","overlay-color":"","overlay-opacity":"","overlay-gradient":""}},"footnotes":""},"class_list":["post-381","page","type-page","status-publish","hentry"],"_links":{"self":[{"href":"https:\/\/ontimetripiguazu.com\/fr\/wp-json\/wp\/v2\/pages\/381","targetHints":{"allow":["GET"]}}],"collection":[{"href":"https:\/\/ontimetripiguazu.com\/fr\/wp-json\/wp\/v2\/pages"}],"about":[{"href":"https:\/\/ontimetripiguazu.com\/fr\/wp-json\/wp\/v2\/types\/page"}],"author":[{"embeddable":true,"href":"https:\/\/ontimetripiguazu.com\/fr\/wp-json\/wp\/v2\/users\/2"}],"replies":[{"embeddable":true,"href":"https:\/\/ontimetripiguazu.com\/fr\/wp-json\/wp\/v2\/comments?post=381"}],"version-history":[{"count":10,"href":"https:\/\/ontimetripiguazu.com\/fr\/wp-json\/wp\/v2\/pages\/381\/revisions"}],"predecessor-version":[{"id":1307,"href":"https:\/\/ontimetripiguazu.com\/fr\/wp-json\/wp\/v2\/pages\/381\/revisions\/1307"}],"wp:attachment":[{"href":"https:\/\/ontimetripiguazu.com\/fr\/wp-json\/wp\/v2\/media?parent=381"}],"curies":[{"name":"wp","href":"https:\/\/api.w.org\/{rel}","templated":true}]}}