{"id":1319,"date":"2023-11-01T19:38:26","date_gmt":"2023-11-01T19:38:26","guid":{"rendered":"https:\/\/ontimetripiguazu.com\/fr\/?post_type=product&#038;p=1319"},"modified":"2023-11-01T19:38:27","modified_gmt":"2023-11-01T19:38:27","slug":"chutes-diguazu-bresil","status":"publish","type":"product","link":"https:\/\/ontimetripiguazu.com\/fr\/producto\/chutes-diguazu-bresil\/","title":{"rendered":"Chutes d\u2019Iguaz\u00fa \u2013 BR\u00c9SIL"},"content":{"rendered":"<p id=\"tw-target-text\" class=\"tw-data-text tw-text-large tw-ta\" dir=\"ltr\" data-placeholder=\"Traducci\u00f3n\" data-ved=\"2ahUKEwiAj8Cvw6OCAxUNIbkGHXLfCLcQ3ewLegQICRAQ\"><span class=\"Y2IQFc\" lang=\"fr\">Visiter les chutes d&#8217;Iguaz\u00fa est une exp\u00e9rience merveilleuse, l&#8217;une des cascades les plus c\u00e9l\u00e8bres au monde est vraiment une exp\u00e9rience inoubliable. POUR EN SAVOIR PLUS SUR LES M\u00c9THODES DE PAIEMENT, CONTACTEZ-NOUS PAR INBOX<\/span><\/p>\n","protected":false},"excerpt":{"rendered":"<p><span class=\"Y2IQFc\" lang=\"fr\">Visiter les chutes d&#8217;Iguaz\u00fa est une exp\u00e9rience merveilleuse, l&#8217;une des cascades les plus c\u00e9l\u00e8bres au monde est vraiment une exp\u00e9rience inoubliable. POUR EN SAVOIR PLUS SUR LES M\u00c9THODES DE PAIEMENT, CONTACTEZ-NOUS PAR INBOX<\/span><\/p>\n","protected":false},"featured_media":1320,"comment_status":"open","ping_status":"closed","template":"","meta":{"site-sidebar-layout":"default","site-content-layout":"","ast-site-content-layout":"default","site-content-style":"default","site-sidebar-style":"default","ast-global-header-display":"","ast-banner-title-visibility":"","ast-main-header-display":"","ast-hfb-above-header-display":"","ast-hfb-below-header-display":"","ast-hfb-mobile-header-display":"","site-post-title":"","ast-breadcrumbs-content":"","ast-featured-img":"","footer-sml-layout":"","ast-disable-related-posts":"","theme-transparent-header-meta":"default","adv-header-id-meta":"","stick-header-meta":"","header-above-stick-meta":"","header-main-stick-meta":"","header-below-stick-meta":"","astra-migrate-meta-layouts":"set","ast-page-background-enabled":"default","ast-page-background-meta":{"desktop":{"background-color":"var(--ast-global-color-4)","background-image":"","background-repeat":"repeat","background-position":"center center","background-size":"auto","background-attachment":"scroll","background-type":"","background-media":"","overlay-type":"","overlay-color":"","overlay-opacity":"","overlay-gradient":""},"tablet":{"background-color":"","background-image":"","background-repeat":"repeat","background-position":"center center","background-size":"auto","background-attachment":"scroll","background-type":"","background-media":"","overlay-type":"","overlay-color":"","overlay-opacity":"","overlay-gradient":""},"mobile":{"background-color":"","background-image":"","background-repeat":"repeat","background-position":"center center","background-size":"auto","background-attachment":"scroll","background-type":"","background-media":"","overlay-type":"","overlay-color":"","overlay-opacity":"","overlay-gradient":""}},"ast-content-background-meta":{"desktop":{"background-color":"var(--ast-global-color-5)","background-image":"","background-repeat":"repeat","background-position":"center center","background-size":"auto","background-attachment":"scroll","background-type":"","background-media":"","overlay-type":"","overlay-color":"","overlay-opacity":"","overlay-gradient":""},"tablet":{"background-color":"var(--ast-global-color-5)","background-image":"","background-repeat":"repeat","background-position":"center center","background-size":"auto","background-attachment":"scroll","background-type":"","background-media":"","overlay-type":"","overlay-color":"","overlay-opacity":"","overlay-gradient":""},"mobile":{"background-color":"var(--ast-global-color-5)","background-image":"","background-repeat":"repeat","background-position":"center center","background-size":"auto","background-attachment":"scroll","background-type":"","background-media":"","overlay-type":"","overlay-color":"","overlay-opacity":"","overlay-gradient":""}}},"product_brand":[],"product_cat":[64,26,25],"product_tag":[],"class_list":{"0":"post-1319","1":"product","2":"type-product","3":"status-publish","4":"has-post-thumbnail","6":"product_cat-1-a-4-personnes-bresil","7":"product_cat-bresil","8":"product_cat-transferts","9":"desktop-align-left","10":"tablet-align-left","11":"mobile-align-left","13":"first","14":"instock","15":"shipping-taxable","16":"purchasable","17":"product-type-simple"},"_links":{"self":[{"href":"https:\/\/ontimetripiguazu.com\/fr\/wp-json\/wp\/v2\/product\/1319","targetHints":{"allow":["GET"]}}],"collection":[{"href":"https:\/\/ontimetripiguazu.com\/fr\/wp-json\/wp\/v2\/product"}],"about":[{"href":"https:\/\/ontimetripiguazu.com\/fr\/wp-json\/wp\/v2\/types\/product"}],"replies":[{"embeddable":true,"href":"https:\/\/ontimetripiguazu.com\/fr\/wp-json\/wp\/v2\/comments?post=1319"}],"wp:featuredmedia":[{"embeddable":true,"href":"https:\/\/ontimetripiguazu.com\/fr\/wp-json\/wp\/v2\/media\/1320"}],"wp:attachment":[{"href":"https:\/\/ontimetripiguazu.com\/fr\/wp-json\/wp\/v2\/media?parent=1319"}],"wp:term":[{"taxonomy":"product_brand","embeddable":true,"href":"https:\/\/ontimetripiguazu.com\/fr\/wp-json\/wp\/v2\/product_brand?post=1319"},{"taxonomy":"product_cat","embeddable":true,"href":"https:\/\/ontimetripiguazu.com\/fr\/wp-json\/wp\/v2\/product_cat?post=1319"},{"taxonomy":"product_tag","embeddable":true,"href":"https:\/\/ontimetripiguazu.com\/fr\/wp-json\/wp\/v2\/product_tag?post=1319"}],"curies":[{"name":"wp","href":"https:\/\/api.w.org\/{rel}","templated":true}]}}