{"id":381,"date":"2021-08-23T02:10:02","date_gmt":"2021-08-23T02:10:02","guid":{"rendered":"https:\/\/ontimetripiguazu.com\/germ\/about\/"},"modified":"2023-11-01T19:01:17","modified_gmt":"2023-11-01T19:01:17","slug":"about","status":"publish","type":"page","link":"https:\/\/ontimetripiguazu.com\/germ\/about\/","title":{"rendered":"About"},"content":{"rendered":"\t\t<div data-elementor-type=\"wp-page\" data-elementor-id=\"381\" class=\"elementor elementor-381\">\n\t\t\t\t<div class=\"elementor-element elementor-element-ade90a7 e-flex e-con-boxed e-con e-parent\" data-id=\"ade90a7\" data-element_type=\"container\" data-e-type=\"container\">\n\t\t\t\t\t<div class=\"e-con-inner\">\n\t\t\t\t<div class=\"elementor-element elementor-element-59c62db elementor-widget elementor-widget-spacer\" data-id=\"59c62db\" data-element_type=\"widget\" data-e-type=\"widget\" data-widget_type=\"spacer.default\">\n\t\t\t\t<div class=\"elementor-widget-container\">\n\t\t\t\t\t\t\t<div class=\"elementor-spacer\">\n\t\t\t<div class=\"elementor-spacer-inner\"><\/div>\n\t\t<\/div>\n\t\t\t\t\t\t<\/div>\n\t\t\t\t<\/div>\n\t\t\t\t\t<\/div>\n\t\t\t\t<\/div>\n\t\t\t\t<section class=\"elementor-section elementor-top-section elementor-element elementor-element-5a9a3e7 elementor-section-full_width elementor-section-height-default elementor-section-height-default\" data-id=\"5a9a3e7\" data-element_type=\"section\" data-e-type=\"section\" data-settings=\"{&quot;background_background&quot;:&quot;classic&quot;}\">\n\t\t\t\t\t\t\t<div class=\"elementor-background-overlay\"><\/div>\n\t\t\t\t\t\t\t<div class=\"elementor-container elementor-column-gap-no\">\n\t\t\t\t\t<div class=\"elementor-column elementor-col-100 elementor-top-column elementor-element elementor-element-569d0c6\" data-id=\"569d0c6\" data-element_type=\"column\" data-e-type=\"column\">\n\t\t\t<div class=\"elementor-widget-wrap elementor-element-populated\">\n\t\t\t\t\t\t<div class=\"elementor-element elementor-element-1c0fcf4 elementor-widget elementor-widget-spacer\" data-id=\"1c0fcf4\" data-element_type=\"widget\" data-e-type=\"widget\" data-widget_type=\"spacer.default\">\n\t\t\t\t<div class=\"elementor-widget-container\">\n\t\t\t\t\t\t\t<div class=\"elementor-spacer\">\n\t\t\t<div class=\"elementor-spacer-inner\"><\/div>\n\t\t<\/div>\n\t\t\t\t\t\t<\/div>\n\t\t\t\t<\/div>\n\t\t\t\t\t<\/div>\n\t\t<\/div>\n\t\t\t\t\t<\/div>\n\t\t<\/section>\n\t\t<div class=\"elementor-element elementor-element-599e81d e-flex e-con-boxed e-con e-parent\" data-id=\"599e81d\" data-element_type=\"container\" data-e-type=\"container\">\n\t\t\t\t\t<div class=\"e-con-inner\">\n\t\t<div class=\"elementor-element elementor-element-6a5c73e e-flex e-con-boxed e-con e-child\" data-id=\"6a5c73e\" data-element_type=\"container\" data-e-type=\"container\" data-settings=\"{&quot;background_background&quot;:&quot;classic&quot;}\">\n\t\t\t\t\t<div class=\"e-con-inner\">\n\t\t\t\t<div class=\"elementor-element elementor-element-01cde66 elementor-widget elementor-widget-text-editor\" data-id=\"01cde66\" data-element_type=\"widget\" data-e-type=\"widget\" data-widget_type=\"text-editor.default\">\n\t\t\t\t<div class=\"elementor-widget-container\">\n\t\t\t\t\t\t\t\t\t<p id=\"tw-target-text\" class=\"tw-data-text tw-text-large tw-ta\" dir=\"ltr\" data-placeholder=\"Traducci\u00f3n\" data-ved=\"2ahUKEwj8257GjpKCAxUtppUCHRWADuoQ3ewLegQICBAQ\"><span class=\"Y2IQFc\" lang=\"de\">Willkommen bei On Time Trip! Wir sind ein Tourismusunternehmen, das sich darauf spezialisiert hat, einzigartige und personalisierte Erlebnisse f\u00fcr unsere Kunden zu schaffen. Unser Ziel ist es, sicherzustellen, dass jeder unserer Reisenden ein unvergessliches Abenteuer erlebt und die Welt auf authentische und verantwortungsvolle Weise entdeckt. Mit mehreren Jahren in der Tourismusbranche hat sich On Time Trip von seinen bescheidenen Anf\u00e4ngen als lokales Reiseb\u00fcro zu einem entwickelt internationale Referenz. Im Laufe unserer Geschichte haben wir mehrfach Anerkennung f\u00fcr unseren hervorragenden Kundenservice und unser Engagement f\u00fcr die Bereitstellung erstklassiger Reiseerlebnisse erhalten.<\/span><\/p>\t\t\t\t\t\t\t\t<\/div>\n\t\t\t\t<\/div>\n\t\t\t\t\t<\/div>\n\t\t\t\t<\/div>\n\t\t\t\t\t<\/div>\n\t\t\t\t<\/div>\n\t\t\t\t<section class=\"elementor-section elementor-top-section elementor-element elementor-element-420d100 elementor-section-full_width elementor-section-height-default elementor-section-height-default\" data-id=\"420d100\" data-element_type=\"section\" data-e-type=\"section\">\n\t\t\t\t\t\t<div class=\"elementor-container elementor-column-gap-no\">\n\t\t\t\t\t<div class=\"elementor-column elementor-col-50 elementor-top-column elementor-element elementor-element-be7ee97\" data-id=\"be7ee97\" data-element_type=\"column\" data-e-type=\"column\">\n\t\t\t<div class=\"elementor-widget-wrap elementor-element-populated\">\n\t\t\t\t\t\t<div class=\"elementor-element elementor-element-82086ef elementor-widget elementor-widget-image\" data-id=\"82086ef\" data-element_type=\"widget\" data-e-type=\"widget\" data-widget_type=\"image.default\">\n\t\t\t\t<div class=\"elementor-widget-container\">\n\t\t\t\t\t\t\t\t\t\t\t\t\t\t\t<img fetchpriority=\"high\" decoding=\"async\" width=\"800\" height=\"618\" src=\"https:\/\/ontimetripiguazu.com\/germ\/wp-content\/uploads\/2023\/10\/que-ver-y-hacer-en-puerto-iguazu.jpg\" class=\"attachment-full size-full wp-image-1176\" alt=\"\" srcset=\"https:\/\/ontimetripiguazu.com\/germ\/wp-content\/uploads\/2023\/10\/que-ver-y-hacer-en-puerto-iguazu.jpg 800w, https:\/\/ontimetripiguazu.com\/germ\/wp-content\/uploads\/2023\/10\/que-ver-y-hacer-en-puerto-iguazu-300x232.jpg 300w, https:\/\/ontimetripiguazu.com\/germ\/wp-content\/uploads\/2023\/10\/que-ver-y-hacer-en-puerto-iguazu-768x593.jpg 768w, https:\/\/ontimetripiguazu.com\/germ\/wp-content\/uploads\/2023\/10\/que-ver-y-hacer-en-puerto-iguazu-600x464.jpg 600w\" sizes=\"(max-width: 800px) 100vw, 800px\" \/>\t\t\t\t\t\t\t\t\t\t\t\t\t\t\t<\/div>\n\t\t\t\t<\/div>\n\t\t\t\t\t<\/div>\n\t\t<\/div>\n\t\t\t\t<div class=\"elementor-column elementor-col-50 elementor-top-column elementor-element elementor-element-32495a1\" data-id=\"32495a1\" data-element_type=\"column\" data-e-type=\"column\">\n\t\t\t<div class=\"elementor-widget-wrap elementor-element-populated\">\n\t\t\t\t\t\t<div class=\"elementor-element elementor-element-ed401eb elementor-widget elementor-widget-text-editor\" data-id=\"ed401eb\" data-element_type=\"widget\" data-e-type=\"widget\" data-widget_type=\"text-editor.default\">\n\t\t\t\t<div class=\"elementor-widget-container\">\n\t\t\t\t\t\t\t\t\t<p id=\"tw-target-text\" class=\"tw-data-text tw-text-large tw-ta\" dir=\"ltr\" data-placeholder=\"Traducci\u00f3n\" data-ved=\"2ahUKEwj8257GjpKCAxUtppUCHRWADuoQ3ewLegQICBAQ\"><span class=\"Y2IQFc\" lang=\"de\">Unser Team von Tourismusexperten besteht aus Fachleuten mit langj\u00e4hriger Erfahrung in der Branche. Von unseren talentierten Reiseb\u00fcros und Reisef\u00fchrern bis hin zu den \u00f6rtlichen Fahrern verbindet uns alle eine tiefe Verbundenheit mit der Region und der unerm\u00fcdliche Einsatz, die Tr\u00e4ume unserer Reisenden wahr werden zu lassen. Bei OnTime Tip setzen wir uns f\u00fcr verantwortungsvollen und nachhaltigen Tourismus ein. Wir sch\u00e4tzen und respektieren unterschiedliche lokale Kulturen und sind bestrebt, zur Entwicklung der von uns besuchten Gemeinden beizutragen. Wir sind davon \u00fcberzeugt, dass es wichtig ist, authentische Erlebnisse zu bieten, verantwortungsvollen Tourismus zu f\u00f6rdern und unsere Auswirkungen auf die Umwelt zu minimieren. Unser Ziel ist es, dass sich jeder Reisende an jedem Reiseziel, das wir besuchen, willkommen und gesch\u00e4tzt f\u00fchlt. Wir verf\u00fcgen \u00fcber die ISO 9001-Zertifizierung, die die Qualit\u00e4t unserer Dienstleistungen garantiert. Diese Akkreditierungen belegen unser Engagement f\u00fcr Exzellenz und Kundenzufriedenheit.<\/span><\/p>\t\t\t\t\t\t\t\t<\/div>\n\t\t\t\t<\/div>\n\t\t\t\t\t<\/div>\n\t\t<\/div>\n\t\t\t\t\t<\/div>\n\t\t<\/section>\n\t\t<div class=\"elementor-element elementor-element-8939dc2 e-flex e-con-boxed e-con e-parent\" data-id=\"8939dc2\" data-element_type=\"container\" data-e-type=\"container\">\n\t\t\t\t\t<div class=\"e-con-inner\">\n\t\t<div class=\"elementor-element elementor-element-162c29d e-flex e-con-boxed e-con e-child\" data-id=\"162c29d\" data-element_type=\"container\" data-e-type=\"container\">\n\t\t\t\t\t<div class=\"e-con-inner\">\n\t\t<div class=\"elementor-element elementor-element-bd7da44 e-flex e-con-boxed e-con e-child\" data-id=\"bd7da44\" data-element_type=\"container\" data-e-type=\"container\" data-settings=\"{&quot;background_background&quot;:&quot;classic&quot;}\">\n\t\t\t\t\t<div class=\"e-con-inner\">\n\t\t\t\t<div class=\"elementor-element elementor-element-5d34e3e elementor-widget elementor-widget-text-editor\" data-id=\"5d34e3e\" data-element_type=\"widget\" data-e-type=\"widget\" data-widget_type=\"text-editor.default\">\n\t\t\t\t<div class=\"elementor-widget-container\">\n\t\t\t\t\t\t\t\t\t<p id=\"tw-target-text\" class=\"tw-data-text tw-text-large tw-ta\" dir=\"ltr\" data-placeholder=\"Traducci\u00f3n\" data-ved=\"2ahUKEwj8257GjpKCAxUtppUCHRWADuoQ3ewLegQICBAQ\"><span class=\"Y2IQFc\" lang=\"de\">Wir sprechen nicht nur \u00fcber unsere Erfahrungen, sondern auch unsere Kunden best\u00e4tigen dies. Im Laufe der Jahre haben wir zahlreiche Erfahrungsberichte von zufriedenen Reisenden erhalten, die von unseren Reisevorschl\u00e4gen und unserer pers\u00f6nlichen Betreuung begeistert waren. Wir sind stolz darauf, ihre Geschichten zu teilen und danken ihnen f\u00fcr ihr Vertrauen, dass wir ihre Reisetr\u00e4ume wahr werden lassen. Kurz gesagt, wir bei On Time Trip sind bestrebt, Ihnen unvergessliche und authentische Erlebnisse zu bieten, die es Ihnen erm\u00f6glichen, die Region auf verantwortungsvolle und leidenschaftliche Weise zu entdecken. Vertrauen Sie darauf, dass wir Ihren n\u00e4chsten Urlaub zu einem einzigartigen und unvergesslichen Reiseerlebnis machen.<\/span><\/p>\t\t\t\t\t\t\t\t<\/div>\n\t\t\t\t<\/div>\n\t\t\t\t\t<\/div>\n\t\t\t\t<\/div>\n\t\t\t\t\t<\/div>\n\t\t\t\t<\/div>\n\t\t\t\t\t<\/div>\n\t\t\t\t<\/div>\n\t\t<div class=\"elementor-element elementor-element-4d11b7c e-flex e-con-boxed e-con e-parent\" data-id=\"4d11b7c\" data-element_type=\"container\" data-e-type=\"container\">\n\t\t\t\t\t<div class=\"e-con-inner\">\n\t\t\t\t<div class=\"elementor-element elementor-element-2bdc4a2 elementor-shape-circle e-grid-align-right elementor-fixed elementor-grid-0 elementor-widget elementor-widget-social-icons\" data-id=\"2bdc4a2\" data-element_type=\"widget\" data-e-type=\"widget\" data-settings=\"{&quot;_position&quot;:&quot;fixed&quot;}\" data-widget_type=\"social-icons.default\">\n\t\t\t\t<div class=\"elementor-widget-container\">\n\t\t\t\t\t\t\t<div class=\"elementor-social-icons-wrapper elementor-grid\">\n\t\t\t\t\t\t\t<span class=\"elementor-grid-item\">\n\t\t\t\t\t<a class=\"elementor-icon elementor-social-icon elementor-social-icon-facebook elementor-repeater-item-66512d6\" href=\"https:\/\/www.facebook.com\/ontimetraslados\" target=\"_blank\">\n\t\t\t\t\t\t<span class=\"elementor-screen-only\">Facebook<\/span>\n\t\t\t\t\t\t<i aria-hidden=\"true\" class=\"fab fa-facebook\"><\/i>\t\t\t\t\t<\/a>\n\t\t\t\t<\/span>\n\t\t\t\t\t<\/div>\n\t\t\t\t\t\t<\/div>\n\t\t\t\t<\/div>\n\t\t\t\t\t<\/div>\n\t\t\t\t<\/div>\n\t\t<div class=\"elementor-element elementor-element-ee132fb e-flex e-con-boxed e-con e-parent\" data-id=\"ee132fb\" data-element_type=\"container\" data-e-type=\"container\">\n\t\t\t\t\t<div class=\"e-con-inner\">\n\t\t\t\t<div class=\"elementor-element elementor-element-3b0295a elementor-shape-circle e-grid-align-right elementor-fixed elementor-grid-0 elementor-widget elementor-widget-social-icons\" data-id=\"3b0295a\" data-element_type=\"widget\" data-e-type=\"widget\" data-settings=\"{&quot;_position&quot;:&quot;fixed&quot;}\" data-widget_type=\"social-icons.default\">\n\t\t\t\t<div class=\"elementor-widget-container\">\n\t\t\t\t\t\t\t<div class=\"elementor-social-icons-wrapper elementor-grid\">\n\t\t\t\t\t\t\t<span class=\"elementor-grid-item\">\n\t\t\t\t\t<a class=\"elementor-icon elementor-social-icon elementor-social-icon-whatsapp elementor-repeater-item-d3abaac\" href=\"https:\/\/wa.link\/b9fgde\" target=\"_blank\">\n\t\t\t\t\t\t<span class=\"elementor-screen-only\">Whatsapp<\/span>\n\t\t\t\t\t\t<i aria-hidden=\"true\" class=\"fab fa-whatsapp\"><\/i>\t\t\t\t\t<\/a>\n\t\t\t\t<\/span>\n\t\t\t\t\t<\/div>\n\t\t\t\t\t\t<\/div>\n\t\t\t\t<\/div>\n\t\t\t\t\t<\/div>\n\t\t\t\t<\/div>\n\t\t<div class=\"elementor-element elementor-element-c292480 e-flex e-con-boxed e-con e-parent\" data-id=\"c292480\" data-element_type=\"container\" data-e-type=\"container\">\n\t\t\t\t\t<div class=\"e-con-inner\">\n\t\t\t\t<div class=\"elementor-element elementor-element-23151f8 elementor-shape-circle e-grid-align-right elementor-fixed elementor-grid-0 elementor-widget elementor-widget-social-icons\" data-id=\"23151f8\" data-element_type=\"widget\" data-e-type=\"widget\" data-settings=\"{&quot;_position&quot;:&quot;fixed&quot;}\" data-widget_type=\"social-icons.default\">\n\t\t\t\t<div class=\"elementor-widget-container\">\n\t\t\t\t\t\t\t<div class=\"elementor-social-icons-wrapper elementor-grid\">\n\t\t\t\t\t\t\t<span class=\"elementor-grid-item\">\n\t\t\t\t\t<a class=\"elementor-icon elementor-social-icon elementor-social-icon-instagram elementor-repeater-item-def2e49\" href=\"https:\/\/www.instagram.com\/ontime.trip\/\" target=\"_blank\">\n\t\t\t\t\t\t<span class=\"elementor-screen-only\">Instagram<\/span>\n\t\t\t\t\t\t<i aria-hidden=\"true\" class=\"fab fa-instagram\"><\/i>\t\t\t\t\t<\/a>\n\t\t\t\t<\/span>\n\t\t\t\t\t<\/div>\n\t\t\t\t\t\t<\/div>\n\t\t\t\t<\/div>\n\t\t\t\t\t<\/div>\n\t\t\t\t<\/div>\n\t\t\t\t<\/div>\n\t\t","protected":false},"excerpt":{"rendered":"<p>Willkommen bei On Time Trip! Wir sind ein Tourismusunternehmen, das sich darauf spezialisiert hat, einzigartige und personalisierte Erlebnisse f\u00fcr unsere Kunden zu schaffen. Unser Ziel ist es, sicherzustellen, dass jeder unserer Reisenden ein unvergessliches Abenteuer erlebt und die Welt auf authentische und verantwortungsvolle Weise entdeckt. Mit mehreren Jahren in der Tourismusbranche hat sich On Time [&hellip;]<\/p>\n","protected":false},"author":2,"featured_media":0,"parent":0,"menu_order":0,"comment_status":"closed","ping_status":"closed","template":"","meta":{"site-sidebar-layout":"no-sidebar","site-content-layout":"page-builder","ast-site-content-layout":"default","site-content-style":"default","site-sidebar-style":"default","ast-global-header-display":"","ast-banner-title-visibility":"","ast-main-header-display":"","ast-hfb-above-header-display":"","ast-hfb-below-header-display":"","ast-hfb-mobile-header-display":"","site-post-title":"disabled","ast-breadcrumbs-content":"disabled","ast-featured-img":"disabled","footer-sml-layout":"","ast-disable-related-posts":"","theme-transparent-header-meta":"enabled","adv-header-id-meta":"","stick-header-meta":"","header-above-stick-meta":"","header-main-stick-meta":"","header-below-stick-meta":"","astra-migrate-meta-layouts":"default","ast-page-background-enabled":"default","ast-page-background-meta":{"desktop":{"background-color":"var(--ast-global-color-4)","background-image":"","background-repeat":"repeat","background-position":"center center","background-size":"auto","background-attachment":"scroll","background-type":"","background-media":"","overlay-type":"","overlay-color":"","overlay-opacity":"","overlay-gradient":""},"tablet":{"background-color":"","background-image":"","background-repeat":"repeat","background-position":"center center","background-size":"auto","background-attachment":"scroll","background-type":"","background-media":"","overlay-type":"","overlay-color":"","overlay-opacity":"","overlay-gradient":""},"mobile":{"background-color":"","background-image":"","background-repeat":"repeat","background-position":"center center","background-size":"auto","background-attachment":"scroll","background-type":"","background-media":"","overlay-type":"","overlay-color":"","overlay-opacity":"","overlay-gradient":""}},"ast-content-background-meta":{"desktop":{"background-color":"var(--ast-global-color-5)","background-image":"","background-repeat":"repeat","background-position":"center center","background-size":"auto","background-attachment":"scroll","background-type":"","background-media":"","overlay-type":"","overlay-color":"","overlay-opacity":"","overlay-gradient":""},"tablet":{"background-color":"var(--ast-global-color-5)","background-image":"","background-repeat":"repeat","background-position":"center center","background-size":"auto","background-attachment":"scroll","background-type":"","background-media":"","overlay-type":"","overlay-color":"","overlay-opacity":"","overlay-gradient":""},"mobile":{"background-color":"var(--ast-global-color-5)","background-image":"","background-repeat":"repeat","background-position":"center center","background-size":"auto","background-attachment":"scroll","background-type":"","background-media":"","overlay-type":"","overlay-color":"","overlay-opacity":"","overlay-gradient":""}},"footnotes":""},"class_list":["post-381","page","type-page","status-publish","hentry"],"_links":{"self":[{"href":"https:\/\/ontimetripiguazu.com\/germ\/wp-json\/wp\/v2\/pages\/381","targetHints":{"allow":["GET"]}}],"collection":[{"href":"https:\/\/ontimetripiguazu.com\/germ\/wp-json\/wp\/v2\/pages"}],"about":[{"href":"https:\/\/ontimetripiguazu.com\/germ\/wp-json\/wp\/v2\/types\/page"}],"author":[{"embeddable":true,"href":"https:\/\/ontimetripiguazu.com\/germ\/wp-json\/wp\/v2\/users\/2"}],"replies":[{"embeddable":true,"href":"https:\/\/ontimetripiguazu.com\/germ\/wp-json\/wp\/v2\/comments?post=381"}],"version-history":[{"count":16,"href":"https:\/\/ontimetripiguazu.com\/germ\/wp-json\/wp\/v2\/pages\/381\/revisions"}],"predecessor-version":[{"id":1298,"href":"https:\/\/ontimetripiguazu.com\/germ\/wp-json\/wp\/v2\/pages\/381\/revisions\/1298"}],"wp:attachment":[{"href":"https:\/\/ontimetripiguazu.com\/germ\/wp-json\/wp\/v2\/media?parent=381"}],"curies":[{"name":"wp","href":"https:\/\/api.w.org\/{rel}","templated":true}]}}