{"id":1287,"date":"2023-11-01T18:57:17","date_gmt":"2023-11-01T18:57:17","guid":{"rendered":"https:\/\/ontimetripiguazu.com\/germ\/?post_type=product&#038;p=1287"},"modified":"2023-11-01T18:58:01","modified_gmt":"2023-11-01T18:58:01","slug":"iguazu-wasserfalle-brasilien","status":"publish","type":"product","link":"https:\/\/ontimetripiguazu.com\/germ\/producto\/iguazu-wasserfalle-brasilien\/","title":{"rendered":"Iguazu-Wasserf\u00e4lle \u2013 BRASILIEN"},"content":{"rendered":"<p id=\"tw-target-text\" class=\"tw-data-text tw-text-large tw-ta\" dir=\"ltr\" data-placeholder=\"Traducci\u00f3n\" data-ved=\"2ahUKEwj4g-KIuqOCAxWqq5UCHRz6DrgQ3ewLegQIBhAQ\"><span class=\"Y2IQFc\" lang=\"de\">Der Besuch der Iguaz\u00fa-Wasserf\u00e4lle ist ein wunderbares Erlebnis, einer der ber\u00fchmtesten Wasserf\u00e4lle der Welt ist wirklich ein unvergessliches Erlebnis. UM WEITERE ZAHLUNGSMETHODEN ZU ERFAHREN, KONTAKTIEREN SIE UNS PER EINGANG<\/span><\/p>\n","protected":false},"excerpt":{"rendered":"<p><span class=\"Y2IQFc\" lang=\"de\">Der Besuch der Iguaz\u00fa-Wasserf\u00e4lle ist ein wunderbares Erlebnis, einer der ber\u00fchmtesten Wasserf\u00e4lle der Welt ist wirklich ein unvergessliches Erlebnis. UM WEITERE ZAHLUNGSMETHODEN ZU ERFAHREN, KONTAKTIEREN SIE UNS PER EINGANG<\/span><\/p>\n","protected":false},"featured_media":1288,"comment_status":"open","ping_status":"closed","template":"","meta":{"site-sidebar-layout":"default","site-content-layout":"","ast-site-content-layout":"default","site-content-style":"default","site-sidebar-style":"default","ast-global-header-display":"","ast-banner-title-visibility":"","ast-main-header-display":"","ast-hfb-above-header-display":"","ast-hfb-below-header-display":"","ast-hfb-mobile-header-display":"","site-post-title":"","ast-breadcrumbs-content":"","ast-featured-img":"","footer-sml-layout":"","ast-disable-related-posts":"","theme-transparent-header-meta":"default","adv-header-id-meta":"","stick-header-meta":"","header-above-stick-meta":"","header-main-stick-meta":"","header-below-stick-meta":"","astra-migrate-meta-layouts":"set","ast-page-background-enabled":"default","ast-page-background-meta":{"desktop":{"background-color":"var(--ast-global-color-4)","background-image":"","background-repeat":"repeat","background-position":"center center","background-size":"auto","background-attachment":"scroll","background-type":"","background-media":"","overlay-type":"","overlay-color":"","overlay-opacity":"","overlay-gradient":""},"tablet":{"background-color":"","background-image":"","background-repeat":"repeat","background-position":"center center","background-size":"auto","background-attachment":"scroll","background-type":"","background-media":"","overlay-type":"","overlay-color":"","overlay-opacity":"","overlay-gradient":""},"mobile":{"background-color":"","background-image":"","background-repeat":"repeat","background-position":"center center","background-size":"auto","background-attachment":"scroll","background-type":"","background-media":"","overlay-type":"","overlay-color":"","overlay-opacity":"","overlay-gradient":""}},"ast-content-background-meta":{"desktop":{"background-color":"var(--ast-global-color-5)","background-image":"","background-repeat":"repeat","background-position":"center center","background-size":"auto","background-attachment":"scroll","background-type":"","background-media":"","overlay-type":"","overlay-color":"","overlay-opacity":"","overlay-gradient":""},"tablet":{"background-color":"var(--ast-global-color-5)","background-image":"","background-repeat":"repeat","background-position":"center center","background-size":"auto","background-attachment":"scroll","background-type":"","background-media":"","overlay-type":"","overlay-color":"","overlay-opacity":"","overlay-gradient":""},"mobile":{"background-color":"var(--ast-global-color-5)","background-image":"","background-repeat":"repeat","background-position":"center center","background-size":"auto","background-attachment":"scroll","background-type":"","background-media":"","overlay-type":"","overlay-color":"","overlay-opacity":"","overlay-gradient":""}}},"product_brand":[],"product_cat":[64,26,25],"product_tag":[],"class_list":{"0":"post-1287","1":"product","2":"type-product","3":"status-publish","4":"has-post-thumbnail","6":"product_cat-1-bis-4-personen-brasilien","7":"product_cat-brasilien","8":"product_cat-uberweisungen","9":"desktop-align-left","10":"tablet-align-left","11":"mobile-align-left","13":"first","14":"instock","15":"shipping-taxable","16":"purchasable","17":"product-type-simple"},"_links":{"self":[{"href":"https:\/\/ontimetripiguazu.com\/germ\/wp-json\/wp\/v2\/product\/1287","targetHints":{"allow":["GET"]}}],"collection":[{"href":"https:\/\/ontimetripiguazu.com\/germ\/wp-json\/wp\/v2\/product"}],"about":[{"href":"https:\/\/ontimetripiguazu.com\/germ\/wp-json\/wp\/v2\/types\/product"}],"replies":[{"embeddable":true,"href":"https:\/\/ontimetripiguazu.com\/germ\/wp-json\/wp\/v2\/comments?post=1287"}],"wp:featuredmedia":[{"embeddable":true,"href":"https:\/\/ontimetripiguazu.com\/germ\/wp-json\/wp\/v2\/media\/1288"}],"wp:attachment":[{"href":"https:\/\/ontimetripiguazu.com\/germ\/wp-json\/wp\/v2\/media?parent=1287"}],"wp:term":[{"taxonomy":"product_brand","embeddable":true,"href":"https:\/\/ontimetripiguazu.com\/germ\/wp-json\/wp\/v2\/product_brand?post=1287"},{"taxonomy":"product_cat","embeddable":true,"href":"https:\/\/ontimetripiguazu.com\/germ\/wp-json\/wp\/v2\/product_cat?post=1287"},{"taxonomy":"product_tag","embeddable":true,"href":"https:\/\/ontimetripiguazu.com\/germ\/wp-json\/wp\/v2\/product_tag?post=1287"}],"curies":[{"name":"wp","href":"https:\/\/api.w.org\/{rel}","templated":true}]}}